{"id":41,"date":"2024-06-05T00:26:36","date_gmt":"2024-06-04T22:26:36","guid":{"rendered":"http:\/\/donnautess.eu\/?page_id=41"},"modified":"2024-08-08T21:06:59","modified_gmt":"2024-08-08T19:06:59","slug":"poplatky","status":"publish","type":"page","link":"https:\/\/donnautess.eu\/?page_id=41","title":{"rendered":"Poplatky"},"content":{"rendered":"\n<figure class=\"wp-block-table\"><table><tbody><tr><td><strong>Prv\u00fd pes<\/strong><br>Trieda mlad\u00fdch, stredn\u00e1, otvoren\u00e1, \u0161ampi\u00f3nov<\/td><td class=\"has-text-align-center\" data-align=\"center\">25,- \u20ac<\/td><\/tr><tr><td><strong>Ka\u017ed\u00fd \u010fal\u0161\u00ed pes<\/strong><br>Trieda mlad\u00fdch, stredn\u00e1, otvoren\u00e1, \u0161ampi\u00f3nov<\/td><td class=\"has-text-align-center\" data-align=\"center\">22,- \u20ac<br><\/td><\/tr><tr><td>Trieda mlad\u0161\u00ed dorast, dorast, veter\u00e1n<\/td><td class=\"has-text-align-center\" data-align=\"center\">15,- \u20ac<\/td><\/tr><tr><td><strong>S\u00fa\u0165a\u017ee<\/strong><\/td><td class=\"has-text-align-center\" data-align=\"center\">0,- \u20ac<\/td><\/tr><\/tbody><\/table><\/figure>\n\n\n<p style=\"text-align: left;\"><strong>Po\u0161tov\u00e9 a bankov\u00e9 poplatky hrad\u00ed vystavovate\u013e. Potvrdenie o platbe si uschovajte.<\/strong><br \/>Bankov\u00fd \u00fa\u010det:<br \/>\u010cSOB banka Slovensko<br \/>N\u00e1zov \u00fa\u010dtu: OZ Donnautess<br \/>\u010c\u00edslo \u00fa\u010dtu: <span class=\"x4k7w5x x1h91t0o x1h9r5lt x1jfb8zj xv2umb2 x1beo9mf xaigb6o x12ejxvf x3igimt xarpa2k xedcshv x1lytzrv x1t2pt76 x7ja8zs x1qrby5j\"><span class=\"xevjqck x14xiqua x10nbalq x1fum7jp xeuugli x1fj9vlw x13faqbe x1vvkbs x16heey3 x1s8qawx xerbpqq x1lliihq x1s928wv xhkezso x1gmr53x x1cpjm7i x1fgarty x1943h6x x1provfb xdmd9no\" dir=\"auto\">4032634276<\/span><\/span>\/7500<br \/>IBAN: <span class=\"x4k7w5x x1h91t0o x1h9r5lt x1jfb8zj xv2umb2 x1beo9mf xaigb6o x12ejxvf x3igimt xarpa2k xedcshv x1lytzrv x1t2pt76 x7ja8zs x1qrby5j\"><span class=\"xevjqck x14xiqua x10nbalq x1fum7jp xeuugli x1fj9vlw x13faqbe x1vvkbs x16heey3 x1s8qawx xerbpqq x1lliihq x1s928wv xhkezso x1gmr53x x1cpjm7i x1fgarty x1943h6x x1provfb xdmd9no\" dir=\"auto\">SK39 7500 0000 0040 3263 4276<\/span><\/span><\/p>","protected":false},"excerpt":{"rendered":"<p>Prv\u00fd pesTrieda mlad\u00fdch, stredn\u00e1, otvoren\u00e1, \u0161ampi\u00f3nov 25,- \u20ac Ka\u017ed\u00fd \u010fal\u0161\u00ed pesTrieda mlad\u00fdch, stredn\u00e1, otvoren\u00e1, \u0161ampi\u00f3nov 22,- \u20ac Trieda mlad\u0161\u00ed dorast, dorast, veter\u00e1n 15,- \u20ac S\u00fa\u0165a\u017ee 0,- \u20ac Po\u0161tov\u00e9 a bankov\u00e9 poplatky hrad\u00ed vystavovate\u013e. Potvrdenie o platbe si uschovajte.Bankov\u00fd \u00fa\u010det:\u010cSOB banka SlovenskoN\u00e1zov \u00fa\u010dtu: OZ Donnautess\u010c\u00edslo \u00fa\u010dtu: 4032634276\/7500IBAN: SK39 7500 0000 0040 3263 4276<\/p>\n","protected":false},"author":1,"featured_media":0,"parent":0,"menu_order":0,"comment_status":"closed","ping_status":"closed","template":"","meta":{"_monsterinsights_skip_tracking":false,"_monsterinsights_sitenote_active":false,"_monsterinsights_sitenote_note":"","_monsterinsights_sitenote_category":0,"footnotes":""},"yoast_head":"<!-- This site is optimized with the Yoast SEO plugin v23.4 - https:\/\/yoast.com\/wordpress\/plugins\/seo\/ -->\n<title>Poplatky -<\/title>\n<meta name=\"robots\" content=\"index, follow, max-snippet:-1, max-image-preview:large, max-video-preview:-1\" \/>\n<link rel=\"canonical\" href=\"http:\/\/donnautess.eu\/?page_id=41\" \/>\n<meta property=\"og:locale\" content=\"sk_SK\" \/>\n<meta property=\"og:type\" content=\"article\" \/>\n<meta property=\"og:title\" content=\"Poplatky -\" \/>\n<meta property=\"og:description\" content=\"Prv\u00fd pesTrieda mlad\u00fdch, stredn\u00e1, otvoren\u00e1, \u0161ampi\u00f3nov 25,- \u20ac Ka\u017ed\u00fd \u010fal\u0161\u00ed pesTrieda mlad\u00fdch, stredn\u00e1, otvoren\u00e1, \u0161ampi\u00f3nov 22,- \u20ac Trieda mlad\u0161\u00ed dorast, dorast, veter\u00e1n 15,- \u20ac S\u00fa\u0165a\u017ee 0,- \u20ac Po\u0161tov\u00e9 a bankov\u00e9 poplatky hrad\u00ed vystavovate\u013e. Potvrdenie o platbe si uschovajte.Bankov\u00fd \u00fa\u010det:\u010cSOB banka SlovenskoN\u00e1zov \u00fa\u010dtu: OZ Donnautess\u010c\u00edslo \u00fa\u010dtu: 4032634276\/7500IBAN: SK39 7500 0000 0040 3263 4276\" \/>\n<meta property=\"og:url\" content=\"http:\/\/donnautess.eu\/?page_id=41\" \/>\n<meta property=\"article:modified_time\" content=\"2024-08-08T19:06:59+00:00\" \/>\n<meta name=\"twitter:card\" content=\"summary_large_image\" \/>\n<meta name=\"twitter:label1\" content=\"Predpokladan\u00fd \u010das \u010d\u00edtania\" \/>\n\t<meta name=\"twitter:data1\" content=\"1 min\u00fata\" \/>\n<script type=\"application\/ld+json\" class=\"yoast-schema-graph\">{\"@context\":\"https:\/\/schema.org\",\"@graph\":[{\"@type\":\"WebPage\",\"@id\":\"http:\/\/donnautess.eu\/?page_id=41\",\"url\":\"http:\/\/donnautess.eu\/?page_id=41\",\"name\":\"Poplatky -\",\"isPartOf\":{\"@id\":\"https:\/\/donnautess.eu\/#website\"},\"datePublished\":\"2024-06-04T22:26:36+00:00\",\"dateModified\":\"2024-08-08T19:06:59+00:00\",\"breadcrumb\":{\"@id\":\"http:\/\/donnautess.eu\/?page_id=41#breadcrumb\"},\"inLanguage\":\"sk-SK\",\"potentialAction\":[{\"@type\":\"ReadAction\",\"target\":[\"http:\/\/donnautess.eu\/?page_id=41\"]}]},{\"@type\":\"BreadcrumbList\",\"@id\":\"http:\/\/donnautess.eu\/?page_id=41#breadcrumb\",\"itemListElement\":[{\"@type\":\"ListItem\",\"position\":1,\"name\":\"Home\",\"item\":\"https:\/\/donnautess.eu\/\"},{\"@type\":\"ListItem\",\"position\":2,\"name\":\"Poplatky\"}]},{\"@type\":\"WebSite\",\"@id\":\"https:\/\/donnautess.eu\/#website\",\"url\":\"https:\/\/donnautess.eu\/\",\"name\":\"\",\"description\":\"\",\"potentialAction\":[{\"@type\":\"SearchAction\",\"target\":{\"@type\":\"EntryPoint\",\"urlTemplate\":\"https:\/\/donnautess.eu\/?s={search_term_string}\"},\"query-input\":{\"@type\":\"PropertyValueSpecification\",\"valueRequired\":true,\"valueName\":\"search_term_string\"}}],\"inLanguage\":\"sk-SK\"}]}<\/script>\n<!-- \/ Yoast SEO plugin. -->","yoast_head_json":{"title":"Poplatky -","robots":{"index":"index","follow":"follow","max-snippet":"max-snippet:-1","max-image-preview":"max-image-preview:large","max-video-preview":"max-video-preview:-1"},"canonical":"http:\/\/donnautess.eu\/?page_id=41","og_locale":"sk_SK","og_type":"article","og_title":"Poplatky -","og_description":"Prv\u00fd pesTrieda mlad\u00fdch, stredn\u00e1, otvoren\u00e1, \u0161ampi\u00f3nov 25,- \u20ac Ka\u017ed\u00fd \u010fal\u0161\u00ed pesTrieda mlad\u00fdch, stredn\u00e1, otvoren\u00e1, \u0161ampi\u00f3nov 22,- \u20ac Trieda mlad\u0161\u00ed dorast, dorast, veter\u00e1n 15,- \u20ac S\u00fa\u0165a\u017ee 0,- \u20ac Po\u0161tov\u00e9 a bankov\u00e9 poplatky hrad\u00ed vystavovate\u013e. Potvrdenie o platbe si uschovajte.Bankov\u00fd \u00fa\u010det:\u010cSOB banka SlovenskoN\u00e1zov \u00fa\u010dtu: OZ Donnautess\u010c\u00edslo \u00fa\u010dtu: 4032634276\/7500IBAN: SK39 7500 0000 0040 3263 4276","og_url":"http:\/\/donnautess.eu\/?page_id=41","article_modified_time":"2024-08-08T19:06:59+00:00","twitter_card":"summary_large_image","twitter_misc":{"Predpokladan\u00fd \u010das \u010d\u00edtania":"1 min\u00fata"},"schema":{"@context":"https:\/\/schema.org","@graph":[{"@type":"WebPage","@id":"http:\/\/donnautess.eu\/?page_id=41","url":"http:\/\/donnautess.eu\/?page_id=41","name":"Poplatky -","isPartOf":{"@id":"https:\/\/donnautess.eu\/#website"},"datePublished":"2024-06-04T22:26:36+00:00","dateModified":"2024-08-08T19:06:59+00:00","breadcrumb":{"@id":"http:\/\/donnautess.eu\/?page_id=41#breadcrumb"},"inLanguage":"sk-SK","potentialAction":[{"@type":"ReadAction","target":["http:\/\/donnautess.eu\/?page_id=41"]}]},{"@type":"BreadcrumbList","@id":"http:\/\/donnautess.eu\/?page_id=41#breadcrumb","itemListElement":[{"@type":"ListItem","position":1,"name":"Home","item":"https:\/\/donnautess.eu\/"},{"@type":"ListItem","position":2,"name":"Poplatky"}]},{"@type":"WebSite","@id":"https:\/\/donnautess.eu\/#website","url":"https:\/\/donnautess.eu\/","name":"","description":"","potentialAction":[{"@type":"SearchAction","target":{"@type":"EntryPoint","urlTemplate":"https:\/\/donnautess.eu\/?s={search_term_string}"},"query-input":{"@type":"PropertyValueSpecification","valueRequired":true,"valueName":"search_term_string"}}],"inLanguage":"sk-SK"}]}},"_links":{"self":[{"href":"https:\/\/donnautess.eu\/index.php?rest_route=\/wp\/v2\/pages\/41"}],"collection":[{"href":"https:\/\/donnautess.eu\/index.php?rest_route=\/wp\/v2\/pages"}],"about":[{"href":"https:\/\/donnautess.eu\/index.php?rest_route=\/wp\/v2\/types\/page"}],"author":[{"embeddable":true,"href":"https:\/\/donnautess.eu\/index.php?rest_route=\/wp\/v2\/users\/1"}],"replies":[{"embeddable":true,"href":"https:\/\/donnautess.eu\/index.php?rest_route=%2Fwp%2Fv2%2Fcomments&post=41"}],"version-history":[{"count":4,"href":"https:\/\/donnautess.eu\/index.php?rest_route=\/wp\/v2\/pages\/41\/revisions"}],"predecessor-version":[{"id":197,"href":"https:\/\/donnautess.eu\/index.php?rest_route=\/wp\/v2\/pages\/41\/revisions\/197"}],"wp:attachment":[{"href":"https:\/\/donnautess.eu\/index.php?rest_route=%2Fwp%2Fv2%2Fmedia&parent=41"}],"curies":[{"name":"wp","href":"https:\/\/api.w.org\/{rel}","templated":true}]}}