{"id":7,"date":"2024-06-04T22:36:46","date_gmt":"2024-06-04T20:36:46","guid":{"rendered":"http:\/\/donnautess.eu\/?page_id=7"},"modified":"2024-08-06T23:47:44","modified_gmt":"2024-08-06T21:47:44","slug":"propozicie","status":"publish","type":"page","link":"https:\/\/donnautess.eu\/?page_id=7","title":{"rendered":"Propoz\u00edcie"},"content":{"rendered":"<p style=\"text-align: center;\"><img loading=\"lazy\" decoding=\"async\" class=\"alignnone size-full wp-image-35\" src=\"http:\/\/donnautess.eu\/wp-content\/uploads\/2024\/06\/UKK.jpg\" alt=\"\" width=\"102\" height=\"73\" \/> \u00a0\u00a0\u00a0\u00a0\u00a0\u00a0\u00a0\u00a0\u00a0\u00a0\u00a0\u00a0\u00a0\u00a0\u00a0\u00a0 <img loading=\"lazy\" decoding=\"async\" class=\"alignnone  wp-image-38\" src=\"http:\/\/donnautess.eu\/wp-content\/uploads\/2024\/06\/SKJ-clen-300x300.jpg\" alt=\"\" width=\"78\" height=\"78\" srcset=\"https:\/\/donnautess.eu\/wp-content\/uploads\/2024\/06\/SKJ-clen-300x300.jpg 300w, https:\/\/donnautess.eu\/wp-content\/uploads\/2024\/06\/SKJ-clen-150x150.jpg 150w, https:\/\/donnautess.eu\/wp-content\/uploads\/2024\/06\/SKJ-clen.jpg 394w\" sizes=\"(max-width: 78px) 100vw, 78px\" \/> \u00a0\u00a0\u00a0\u00a0\u00a0\u00a0\u00a0\u00a0\u00a0\u00a0\u00a0\u00a0\u00a0\u00a0\u00a0 \u00a0\u00a0\u00a0 <img loading=\"lazy\" decoding=\"async\" class=\"alignnone  wp-image-37\" src=\"http:\/\/donnautess.eu\/wp-content\/uploads\/2024\/06\/FCI-logo-web-300x300.jpg\" alt=\"\" width=\"79\" height=\"79\" srcset=\"https:\/\/donnautess.eu\/wp-content\/uploads\/2024\/06\/FCI-logo-web-300x300.jpg 300w, https:\/\/donnautess.eu\/wp-content\/uploads\/2024\/06\/FCI-logo-web-150x150.jpg 150w, https:\/\/donnautess.eu\/wp-content\/uploads\/2024\/06\/FCI-logo-web.jpg 394w\" sizes=\"(max-width: 79px) 100vw, 79px\" \/><\/p>\n<hr \/>\n<h2 style=\"text-align: center;\"><span style=\"color: #008000;\"><strong>DONNAUTESS Dog Show 2024<\/strong><\/span><br \/>Oblastn\u00e1 v\u00fdstava psov v\u0161etk\u00fdch plemien<br \/><span style=\"color: #008000;\"><strong>7. septembra 2024<\/strong><\/span><\/h2>\n<p><strong>MIESTO KONANIA V\u00ddSTAVY:<\/strong><br \/><strong>Kynologick\u00fd are\u00e1l Donnautess<\/strong><br \/><strong>930 31 Vojka nad Dunajom 718<\/strong><br \/><strong>Google maps:<\/strong> https:\/\/maps.app.goo.gl\/Mi7uCmhEYuqtFSFcA<\/p>\n<p><strong>ROZHODCOVIA:<\/strong><br \/>Tibor Havelka, SK<br \/>Janka Janek, SK<br \/>ZMENA ROZHODCU VYHRADEN\u00c1!<\/p>\n<p><strong>PROGRAM:<\/strong><br \/>9,00 \u2013 10,00 prezent\u00e1cia psov<br \/>9,45 sl\u00e1vnostn\u00e9 otvorenie v\u00fdstavy<br \/>od 10,00 posudzovanie v kruhoch<br \/>po ukon\u010den\u00ed posudzovania v kruhoch &#8211; z\u00e1vere\u010dn\u00e9 s\u00fa\u0165a\u017ee<br \/>ZMENA PROGRAMU VYHRADEN\u00c1!<\/p>\n<p><strong>PRIHLASOVANIE:<\/strong><br \/>Na v\u00fdstavu je mo\u017en\u00e9 iba on-line prihl\u00e1senie prostredn\u00edctvom <a href=\"https:\/\/dogshow.sk\" target=\"_blank\" rel=\"noopener\">https:\/\/dogshow.sk<\/a><br \/>\u00dahradu v\u00fdstavn\u00fdch poplatkov vykonajte a\u017e po registr\u00e1cii online prihl\u00e1\u0161ky. Term\u00edn uz\u00e1vierky je z\u00e1rove\u0148 aj term\u00ednom poslednej mo\u017enej \u00fahrady v\u00fdstavn\u00e9ho poplatku. Prihl\u00e1\u0161ky, ktor\u00fdch poplatky nebud\u00fa uhraden\u00e9 a prip\u00edsan\u00e9 na \u00fa\u010det najnesk\u00f4r do term\u00ednu uz\u00e1vierky v\u00fdstavy, resp. bud\u00fa neidentifikovate\u013en\u00e9, sa bud\u00fa pova\u017eova\u0165 za neuhraden\u00e9. U ka\u017edej platby je potrebn\u00e9 uvies\u0165 variabiln\u00fd symbol. Pri platb\u00e1ch zo zahrani\u010dia je potrebn\u00e9 uvies\u0165 variabiln\u00fd symbol do spr\u00e1vy pre prij\u00edmate\u013ea.<br \/>Pri v\u00e4\u010d\u0161om po\u010dte prihl\u00e1sen\u00fdch psov sa jedince prihl\u00e1sen\u00e9 do tried mlad\u0161\u00ed dorast, dorast a veter\u00e1nov nepova\u017euj\u00fa za 1. prihl\u00e1sen\u00e9ho psa. Z\u013eava za druh\u00e9ho a \u010fal\u0161\u00edch psov sa m\u00f4\u017ee uplatni\u0165 len vtedy, ak je meno a adresa majite\u013ea v plnom znen\u00ed zhodn\u00e9 s majite\u013eom uveden\u00fdm na prihl\u00e1\u0161ke prv\u00e9ho psa.<br \/>Stornova\u0165 prihl\u00e1\u0161ku je mo\u017en\u00e9 len do term\u00ednu uz\u00e1vierky a to aj v pr\u00edpade, \u017ee bude mo\u017enos\u0165 prihl\u00e1senia sa na v\u00fdstavu pred\u013a\u017een\u00e1. V pr\u00edpade storna prihl\u00e1\u0161ky, alebo vr\u00e1tenia poplatkov z ak\u00e9hoko\u013evek in\u00e9ho d\u00f4vodu, bude z pouk\u00e1zanej sumy v\u00fdstavn\u00e9ho poplatku odpo\u010d\u00edtan\u00fd manipula\u010dn\u00fd poplatok vo v\u00fd\u0161ke 5 \u20ac.<br \/>Ku ka\u017edej prihl\u00e1\u0161ke mus\u00ed by\u0165 prilo\u017een\u00e1 \u010ditate\u013en\u00e1 k\u00f3pia origin\u00e1lu preukazu p\u00f4vodu psa.<br \/>Doklady potrebn\u00e9 k prihl\u00e1seniu do triedy \u0161ampi\u00f3nov &#8211; k\u00f3pia \u0161ampion\u00e1tu z \u010dlensk\u00fdch kraj\u00edn FCI.<br \/>Prihl\u00e1\u0161ky, ku ktor\u00fdm nebud\u00fa prilo\u017een\u00e9 v\u0161etky potrebn\u00e9 doklady, bud\u00fa automaticky preraden\u00e9 do triedy otvorenej. Doklady doru\u010den\u00e9 po uz\u00e1vierke nebud\u00fa akceptovan\u00e9.<br \/>Prihl\u00e1\u0161ka mus\u00ed by\u0165 vyp\u00edsan\u00e1 pre ka\u017ed\u00e9ho psa individu\u00e1lne a zaslan\u00e1 online syst\u00e9mom. Akceptovan\u00e1 je iba prihl\u00e1\u0161ka s uhraden\u00fdm v\u00fdstavn\u00fdm poplatkom. Na v\u00fdstave nie je mo\u017en\u00e1 platba, prihlasovanie psa lebo preradenie do inej triedy.<\/p>\n<p><strong>TERM\u00cdN UZ\u00c1VIERKY: 25.08. 2024<\/strong><\/p>\n<p><strong>POPLATKY:<\/strong><\/p>\n\n\n<figure class=\"wp-block-table alignwide\"><table><tbody><tr><td><strong>Prv\u00fd pes<\/strong><br>Trieda mlad\u00fdch, stredn\u00e1, otvoren\u00e1, \u0161ampi\u00f3nov<\/td><td class=\"has-text-align-center\" data-align=\"center\">25,- \u20ac<\/td><\/tr><tr><td><strong>Ka\u017ed\u00fd \u010fal\u0161\u00ed pes<\/strong><br>Trieda mlad\u00fdch, stredn\u00e1, otvoren\u00e1, \u0161ampi\u00f3nov<\/td><td class=\"has-text-align-center\" data-align=\"center\">22,- \u20ac<\/td><\/tr><tr><td>Trieda mlad\u0161ieho dorastu, dorastu, veter\u00e1nov<\/td><td class=\"has-text-align-center\" data-align=\"center\">15,- \u20ac<\/td><\/tr><tr><td><strong>S\u00fa\u0165a\u017ee<\/strong><\/td><td class=\"has-text-align-center\" data-align=\"center\">0,- \u20ac<\/td><\/tr><\/tbody><\/table><\/figure>\n\n\n<p><strong>Po\u0161tov\u00e9 a bankov\u00e9 poplatky hrad\u00ed vystavovate\u013e. Potvrdenie o platbe si uschovajte.<\/strong><br \/>Bankov\u00fd \u00fa\u010det:<br \/>\u010cSOB banka Slovensko<br \/>N\u00e1zov \u00fa\u010dtu: OZ Donnautess<br \/>\u010c\u00edslo \u00fa\u010dtu: <span class=\"x4k7w5x x1h91t0o x1h9r5lt x1jfb8zj xv2umb2 x1beo9mf xaigb6o x12ejxvf x3igimt xarpa2k xedcshv x1lytzrv x1t2pt76 x7ja8zs x1qrby5j\"><span class=\"xevjqck x14xiqua x10nbalq x1fum7jp xeuugli x1fj9vlw x13faqbe x1vvkbs x16heey3 x1s8qawx xerbpqq x1lliihq x1s928wv xhkezso x1gmr53x x1cpjm7i x1fgarty x1943h6x x1provfb xdmd9no\" dir=\"auto\">4032634276<\/span><\/span>\/7500<br \/><strong>IBAN: <span class=\"x4k7w5x x1h91t0o x1h9r5lt x1jfb8zj xv2umb2 x1beo9mf xaigb6o x12ejxvf x3igimt xarpa2k xedcshv x1lytzrv x1t2pt76 x7ja8zs x1qrby5j\"><span class=\"xevjqck x14xiqua x10nbalq x1fum7jp xeuugli x1fj9vlw x13faqbe x1vvkbs x16heey3 x1s8qawx xerbpqq x1lliihq x1s928wv xhkezso x1gmr53x x1cpjm7i x1fgarty x1943h6x x1provfb xdmd9no\" dir=\"auto\">SK39 7500 0000 0040 3263 4276<\/span><\/span><br \/><\/strong><\/p>\n<p><strong>V\u00ddSTAVN\u00c9 TRIEDY:<\/strong><br \/>Mlad\u0161\u00ed dorast od kompletn\u00e9ho zao\u010dkovania do 6 mesiacov<br \/>Dorast 6 &#8211; 9 mesiacov<br \/>Mlad\u00fdch 9 &#8211; 18 mesiacov<br \/>Stredn\u00e1 15 &#8211; 24 mesiacov<br \/>Otvoren\u00e1 od 15 mesiacov<br \/>\u0160ampi\u00f3nov od 15 mesiacov (treba prilo\u017ei\u0165 potvrdenie o \u0161ampion\u00e1te z \u010dlensk\u00fdch kraj\u00edn FCI)<br \/>Veter\u00e1nov od 8 rokov<\/p>\n<p><strong>TITULY:<\/strong><br \/><strong>V\u00ed\u0165az triedy \u2013<\/strong> titul m\u00f4\u017ee by\u0165 udelen\u00fd jedincom, ktor\u00ed z\u00edskali v triede mlad\u00fdch, strednej, otvorenej, \u0161ampi\u00f3nov a veter\u00e1nov ocenenie &#8222;V\u00fdborn\u00fd 1&#8220;.\u00a0 V pr\u00edpade rozdelenia plemena pod\u013ea sfarbenia, ve\u013ekostn\u00e9ho r\u00e1zu a druhu srsti bude tento titul udelen\u00fd v ka\u017edej triede.<br \/><strong>Oblastn\u00fd v\u00ed\u0165az \u2013<\/strong> titul m\u00f4\u017ee by\u0165 udelen\u00fd jedincom, ktor\u00ed z\u00edskali ocenenie &#8222;V\u00ed\u0165az triedy&#8220;, osobitne psom a osobitne suk\u00e1m z tried strednej, otvorenej a \u0161ampi\u00f3nov.<br \/><strong>DONNAUTESS WINNER 2024 \u2013<\/strong> titul z\u00edska najkraj\u0161\u00ed jedinec v\u00fdstavy, ktor\u00fd z\u00edskal titul oblastn\u00fd v\u00ed\u0165az.<\/p>\n<p><strong>Z\u00c1VERE\u010cN\u00c9 S\u00da\u0164A\u017dE:<\/strong><br \/><strong>Die\u0165a a pes<\/strong> &#8211; pre deti od 3 do 9 rokov so psom, ktor\u00fd bol pos\u00faden\u00fd na v\u00fdstave<br \/><strong>Najkraj\u0161\u00ed mlad\u0161\u00ed dorast<\/strong> &#8211; do s\u00fa\u0165a\u017ee nastupuj\u00fa pes a suka s ocenen\u00edm Ve\u013emi n\u00e1dejn\u00fd 1 z triedy mlad\u0161ieho dorastu<br \/><strong>Najkraj\u0161\u00ed dorast<\/strong> &#8211; do s\u00fa\u0165a\u017ee nastupuj\u00fa pes a suka s ocenen\u00edm Ve\u013emi n\u00e1dejn\u00fd 1 z triedy dorastu<br \/><strong>Najkraj\u0161\u00ed veter\u00e1n<\/strong> &#8211; do s\u00fa\u0165a\u017ee nastupuj\u00fa spolu psy a suky ocenen\u00e9 v triede veter\u00e1nov zn\u00e1mkou &#8222;V\u00fdborn\u00fd 1, V\u00ed\u0165az triedy&#8220;.<br \/><strong>Najkraj\u0161\u00ed mlad\u00fd jedinec<\/strong> &#8211; do s\u00fa\u0165a\u017ee nastupuj\u00fa spolu psy a suky ocenen\u00e9 v triede mlad\u00fdch zn\u00e1mkou &#8222;V\u00fdborn\u00fd 1, V\u00ed\u0165az triedy&#8220;.<br \/><strong>Najkraj\u0161ia dospel\u00e1 suka<\/strong> &#8211; do s\u00fa\u0165a\u017ee nastupuj\u00fa suky s titulom Oblastn\u00fd v\u00ed\u0165az<br \/><strong>Najkraj\u0161\u00ed dospel\u00fd pes<\/strong> &#8211; do s\u00fa\u0165a\u017ee nastupuj\u00fa psy s titulom Oblastn\u00fd v\u00ed\u0165az<br \/><strong>DONNAUTESS WINNER 2024 \u2013<\/strong> do s\u00fa\u0165a\u017ee nastupuj\u00fa najkraj\u0161\u00ed mlad\u00fd jedinec, najkraj\u0161ia dospel\u00e1 suka, najkraj\u0161\u00ed dospel\u00fd pes a najkraj\u0161\u00ed veter\u00e1n.<\/p>\n<p><strong>V\u0160EOBECN\u00c9 USTANOVENIA:<\/strong><br \/>V\u00fdstava je usporiadan\u00e1 pod\u013ea v\u00fdstavn\u00e9ho poriadku SKJ a propoz\u00edci\u00ed vydan\u00fdch organiz\u00e1torom. Z\u00fa\u010dastni\u0165 sa jej m\u00f4\u017eu iba psy, s registr\u00e1ciou v plemenn\u00fdch knih\u00e1ch FCI.<\/p>\n<p>V\u00fdstavn\u00e9 poplatky sa nevracaj\u00fa, ak sa v\u00fdstava neuskuto\u010dn\u00ed z objekt\u00edvnych pr\u00ed\u010din a pri odhl\u00e1sen\u00ed psa alebo suky po uz\u00e1vierke prihl\u00e1\u0161ok. Bud\u00fa pou\u017eit\u00e9 na uhradenie vzniknut\u00fdch n\u00e1kladov. Usporiadate\u013e nezodpoved\u00e1 za chyby vo v\u00fdstavnom katal\u00f3gu sp\u00f4soben\u00e9 chybne alebo ne\u00faplne vyplnenou prihl\u00e1\u0161kou. Vystavovate\u013e ru\u010d\u00ed za spr\u00e1vnos\u0165<br \/>a pravdivos\u0165 \u00fadajov v prihl\u00e1\u0161ke.<\/p>\n<p>Vystavovate\u013e zodpoved\u00e1 za \u0161kody, ktor\u00e9 jeho pes sp\u00f4sob\u00ed, alebo zapr\u00ed\u010din\u00ed. Zaslan\u00edm prihl\u00e1\u0161ky vystavovate\u013e s\u00fahlas\u00ed so zverejnen\u00edm \u00fadajov, ktor\u00e9 s\u00fa v nej uveden\u00e9 na \u00fa\u010dely organizovania v\u00fdstavy, v\u00fdstavnej administrat\u00edvy a zverejnenie v\u00fdsledkov vr\u00e1tane fotografi\u00ed psov a majite\u013eov.<\/p>\n<p>Usporiadate\u013e nezodpoved\u00e1 za \u0161kody sp\u00f4soben\u00e9 psom \u010di psovi.<\/p>\n<p>Rozhodca je povinn\u00fd vyl\u00fa\u010di\u0165 z posudzovania psy agres\u00edvne.<br \/>Na v\u00fdstave nie je dovolen\u00e9 stava\u0165 psa proti psovi (tzv. hecovanie).<br \/>Na v\u00fdstave je zak\u00e1zan\u00e9 pou\u017e\u00edvanie sprayov, p\u00fadrov a in\u00fdch kozmetick\u00fdch pr\u00edpravkov na \u00fapravu srsti, hlasit\u00e9 povzbudzovanie (double handling) psov spoza kruhu, vyv\u00e4zovanie psov na stoloch (tzv. \u0161ibeniciach) mimo \u010dasu, kedy s\u00fa psy upravovan\u00e9. Poru\u0161enie t\u00fdchto z\u00e1kazov m\u00f4\u017ee ma\u0165 za n\u00e1sledok vyl\u00fa\u010denie psa z v\u00fdstavy.<\/p>\n<p><strong>Predaj \u0161teniec na v\u00fdstavisku je pr\u00edsne zak\u00e1zan\u00fd ! Vo\u013en\u00fd pohyb psov na v\u00fdstavisku je zak\u00e1zan\u00fd!<\/strong><\/p>\n<p>Vystavovate\u013e je zodpovedn\u00fd za ochranu a pohodu psa na v\u00fdstave. Je zak\u00e1zan\u00e9 vystavova\u0165 psy situ\u00e1ci\u00e1m, pri ktor\u00fdch doch\u00e1dza k nepohode a zdravotn\u00fdm komplik\u00e1ci\u00e1m, ako napr. ponechanie psa v aute pri extr\u00e9mnych teplot\u00e1ch alebo krut\u00e9 zaobch\u00e1dzanie so psom.<\/p>\n<p><strong>VETERIN\u00c1RNE PODMIENKY:<\/strong><br \/>Ka\u017ed\u00fd pes v majetku ob\u010dana SR mus\u00ed ma\u0165 veterin\u00e1rny preukaz alebo pas s platn\u00fdmi o\u010dkovaniami proti besnote, psinke, parvovir\u00f3ze, leptospir\u00f3ze a hepatit\u00edde minim\u00e1lne 21 dn\u00ed a maxim\u00e1lne 1 rok pred v\u00fdstavou, resp. pod\u013ea d\u013a\u017eky platnosti vakc\u00edny. Psy zo zahrani\u010dia musia ma\u0165 PET PASSPORT s platn\u00fdm o\u010dkovan\u00edm proti besnote.<\/p>\n<p><strong>PROTESTY:<\/strong><br \/>Protest proti rozhodnutiu rozhodcu je nepr\u00edpustn\u00fd. Vystavovate\u013e m\u00f4\u017ee poda\u0165 protest len z form\u00e1lnych d\u00f4vodov, a to p\u00edsomne, po\u010das v\u00fdstavy (do skon\u010denia posudzovania v kruhu). Z\u00e1rove\u0148 s podan\u00edm protestu vystavovate\u013e zlo\u017e\u00ed z\u00e1ruku 50 \u20ac. O proteste rozhodne komisia. Pri zamietnut\u00ed protestu prepad\u00e1 z\u00e1ruka v prospech<br \/>usporiadate\u013ea.<\/p>\n<hr \/>\n<h2 style=\"text-align: left;\"><strong><a href=\"http:\/\/donnautess.eu\/wp-content\/uploads\/2024\/06\/Propozicie_DW2024_FINAL.pdf\">PROPOZ\u00cdCIE NA VYTLA\u010cENIE ALEBO STIAHNUTIE<\/a><\/strong><\/h2>","protected":false},"excerpt":{"rendered":"<p>\u00a0\u00a0\u00a0\u00a0\u00a0\u00a0\u00a0\u00a0\u00a0\u00a0\u00a0\u00a0\u00a0\u00a0\u00a0\u00a0 \u00a0\u00a0\u00a0\u00a0\u00a0\u00a0\u00a0\u00a0\u00a0\u00a0\u00a0\u00a0\u00a0\u00a0\u00a0 \u00a0\u00a0\u00a0 DONNAUTESS Dog Show 2024Oblastn\u00e1 v\u00fdstava psov v\u0161etk\u00fdch plemien7. septembra 2024 MIESTO KONANIA V\u00ddSTAVY:Kynologick\u00fd are\u00e1l Donnautess930 31 Vojka nad Dunajom 718Google maps: https:\/\/maps.app.goo.gl\/Mi7uCmhEYuqtFSFcA ROZHODCOVIA:Tibor Havelka, SKJanka Janek, SKZMENA ROZHODCU VYHRADEN\u00c1! PROGRAM:9,00 \u2013 10,00 prezent\u00e1cia psov9,45 sl\u00e1vnostn\u00e9 otvorenie v\u00fdstavyod 10,00 posudzovanie v kruhochpo ukon\u010den\u00ed posudzovania v kruhoch &#8211; z\u00e1vere\u010dn\u00e9 s\u00fa\u0165a\u017eeZMENA PROGRAMU VYHRADEN\u00c1! PRIHLASOVANIE:Na v\u00fdstavu <a class=\"read-more\" href=\"https:\/\/donnautess.eu\/?page_id=7\">Read More<\/a><\/p>\n","protected":false},"author":1,"featured_media":0,"parent":0,"menu_order":0,"comment_status":"closed","ping_status":"closed","template":"","meta":{"_monsterinsights_skip_tracking":false,"_monsterinsights_sitenote_active":false,"_monsterinsights_sitenote_note":"","_monsterinsights_sitenote_category":0,"footnotes":""},"yoast_head":"<!-- This site is optimized with the Yoast SEO plugin v23.4 - https:\/\/yoast.com\/wordpress\/plugins\/seo\/ -->\n<title>Propoz\u00edcie -<\/title>\n<meta name=\"robots\" content=\"index, follow, max-snippet:-1, max-image-preview:large, max-video-preview:-1\" \/>\n<link rel=\"canonical\" href=\"http:\/\/donnautess.eu\/?page_id=7\" \/>\n<meta property=\"og:locale\" content=\"sk_SK\" \/>\n<meta property=\"og:type\" content=\"article\" \/>\n<meta property=\"og:title\" content=\"Propoz\u00edcie -\" \/>\n<meta property=\"og:description\" content=\"\u00a0\u00a0\u00a0\u00a0\u00a0\u00a0\u00a0\u00a0\u00a0\u00a0\u00a0\u00a0\u00a0\u00a0\u00a0\u00a0 \u00a0\u00a0\u00a0\u00a0\u00a0\u00a0\u00a0\u00a0\u00a0\u00a0\u00a0\u00a0\u00a0\u00a0\u00a0 \u00a0\u00a0\u00a0 DONNAUTESS Dog Show 2024Oblastn\u00e1 v\u00fdstava psov v\u0161etk\u00fdch plemien7. septembra 2024 MIESTO KONANIA V\u00ddSTAVY:Kynologick\u00fd are\u00e1l Donnautess930 31 Vojka nad Dunajom 718Google maps: https:\/\/maps.app.goo.gl\/Mi7uCmhEYuqtFSFcA ROZHODCOVIA:Tibor Havelka, SKJanka Janek, SKZMENA ROZHODCU VYHRADEN\u00c1! PROGRAM:9,00 \u2013 10,00 prezent\u00e1cia psov9,45 sl\u00e1vnostn\u00e9 otvorenie v\u00fdstavyod 10,00 posudzovanie v kruhochpo ukon\u010den\u00ed posudzovania v kruhoch &#8211; z\u00e1vere\u010dn\u00e9 s\u00fa\u0165a\u017eeZMENA PROGRAMU VYHRADEN\u00c1! PRIHLASOVANIE:Na v\u00fdstavu Read More\" \/>\n<meta property=\"og:url\" content=\"http:\/\/donnautess.eu\/?page_id=7\" \/>\n<meta property=\"article:modified_time\" content=\"2024-08-06T21:47:44+00:00\" \/>\n<meta property=\"og:image\" content=\"http:\/\/donnautess.eu\/wp-content\/uploads\/2024\/06\/UKK.jpg\" \/>\n<meta name=\"twitter:card\" content=\"summary_large_image\" \/>\n<meta name=\"twitter:label1\" content=\"Predpokladan\u00fd \u010das \u010d\u00edtania\" \/>\n\t<meta name=\"twitter:data1\" content=\"6 min\u00fat\" \/>\n<script type=\"application\/ld+json\" class=\"yoast-schema-graph\">{\"@context\":\"https:\/\/schema.org\",\"@graph\":[{\"@type\":\"WebPage\",\"@id\":\"http:\/\/donnautess.eu\/?page_id=7\",\"url\":\"http:\/\/donnautess.eu\/?page_id=7\",\"name\":\"Propoz\u00edcie -\",\"isPartOf\":{\"@id\":\"https:\/\/donnautess.eu\/#website\"},\"primaryImageOfPage\":{\"@id\":\"http:\/\/donnautess.eu\/?page_id=7#primaryimage\"},\"image\":{\"@id\":\"http:\/\/donnautess.eu\/?page_id=7#primaryimage\"},\"thumbnailUrl\":\"http:\/\/donnautess.eu\/wp-content\/uploads\/2024\/06\/UKK.jpg\",\"datePublished\":\"2024-06-04T20:36:46+00:00\",\"dateModified\":\"2024-08-06T21:47:44+00:00\",\"breadcrumb\":{\"@id\":\"http:\/\/donnautess.eu\/?page_id=7#breadcrumb\"},\"inLanguage\":\"sk-SK\",\"potentialAction\":[{\"@type\":\"ReadAction\",\"target\":[\"http:\/\/donnautess.eu\/?page_id=7\"]}]},{\"@type\":\"ImageObject\",\"inLanguage\":\"sk-SK\",\"@id\":\"http:\/\/donnautess.eu\/?page_id=7#primaryimage\",\"url\":\"https:\/\/donnautess.eu\/wp-content\/uploads\/2024\/06\/UKK.jpg\",\"contentUrl\":\"https:\/\/donnautess.eu\/wp-content\/uploads\/2024\/06\/UKK.jpg\",\"width\":102,\"height\":73},{\"@type\":\"BreadcrumbList\",\"@id\":\"http:\/\/donnautess.eu\/?page_id=7#breadcrumb\",\"itemListElement\":[{\"@type\":\"ListItem\",\"position\":1,\"name\":\"Home\",\"item\":\"https:\/\/donnautess.eu\/\"},{\"@type\":\"ListItem\",\"position\":2,\"name\":\"Propoz\u00edcie\"}]},{\"@type\":\"WebSite\",\"@id\":\"https:\/\/donnautess.eu\/#website\",\"url\":\"https:\/\/donnautess.eu\/\",\"name\":\"\",\"description\":\"\",\"potentialAction\":[{\"@type\":\"SearchAction\",\"target\":{\"@type\":\"EntryPoint\",\"urlTemplate\":\"https:\/\/donnautess.eu\/?s={search_term_string}\"},\"query-input\":{\"@type\":\"PropertyValueSpecification\",\"valueRequired\":true,\"valueName\":\"search_term_string\"}}],\"inLanguage\":\"sk-SK\"}]}<\/script>\n<!-- \/ Yoast SEO plugin. -->","yoast_head_json":{"title":"Propoz\u00edcie -","robots":{"index":"index","follow":"follow","max-snippet":"max-snippet:-1","max-image-preview":"max-image-preview:large","max-video-preview":"max-video-preview:-1"},"canonical":"http:\/\/donnautess.eu\/?page_id=7","og_locale":"sk_SK","og_type":"article","og_title":"Propoz\u00edcie -","og_description":"\u00a0\u00a0\u00a0\u00a0\u00a0\u00a0\u00a0\u00a0\u00a0\u00a0\u00a0\u00a0\u00a0\u00a0\u00a0\u00a0 \u00a0\u00a0\u00a0\u00a0\u00a0\u00a0\u00a0\u00a0\u00a0\u00a0\u00a0\u00a0\u00a0\u00a0\u00a0 \u00a0\u00a0\u00a0 DONNAUTESS Dog Show 2024Oblastn\u00e1 v\u00fdstava psov v\u0161etk\u00fdch plemien7. septembra 2024 MIESTO KONANIA V\u00ddSTAVY:Kynologick\u00fd are\u00e1l Donnautess930 31 Vojka nad Dunajom 718Google maps: https:\/\/maps.app.goo.gl\/Mi7uCmhEYuqtFSFcA ROZHODCOVIA:Tibor Havelka, SKJanka Janek, SKZMENA ROZHODCU VYHRADEN\u00c1! PROGRAM:9,00 \u2013 10,00 prezent\u00e1cia psov9,45 sl\u00e1vnostn\u00e9 otvorenie v\u00fdstavyod 10,00 posudzovanie v kruhochpo ukon\u010den\u00ed posudzovania v kruhoch &#8211; z\u00e1vere\u010dn\u00e9 s\u00fa\u0165a\u017eeZMENA PROGRAMU VYHRADEN\u00c1! PRIHLASOVANIE:Na v\u00fdstavu Read More","og_url":"http:\/\/donnautess.eu\/?page_id=7","article_modified_time":"2024-08-06T21:47:44+00:00","og_image":[{"url":"http:\/\/donnautess.eu\/wp-content\/uploads\/2024\/06\/UKK.jpg"}],"twitter_card":"summary_large_image","twitter_misc":{"Predpokladan\u00fd \u010das \u010d\u00edtania":"6 min\u00fat"},"schema":{"@context":"https:\/\/schema.org","@graph":[{"@type":"WebPage","@id":"http:\/\/donnautess.eu\/?page_id=7","url":"http:\/\/donnautess.eu\/?page_id=7","name":"Propoz\u00edcie -","isPartOf":{"@id":"https:\/\/donnautess.eu\/#website"},"primaryImageOfPage":{"@id":"http:\/\/donnautess.eu\/?page_id=7#primaryimage"},"image":{"@id":"http:\/\/donnautess.eu\/?page_id=7#primaryimage"},"thumbnailUrl":"http:\/\/donnautess.eu\/wp-content\/uploads\/2024\/06\/UKK.jpg","datePublished":"2024-06-04T20:36:46+00:00","dateModified":"2024-08-06T21:47:44+00:00","breadcrumb":{"@id":"http:\/\/donnautess.eu\/?page_id=7#breadcrumb"},"inLanguage":"sk-SK","potentialAction":[{"@type":"ReadAction","target":["http:\/\/donnautess.eu\/?page_id=7"]}]},{"@type":"ImageObject","inLanguage":"sk-SK","@id":"http:\/\/donnautess.eu\/?page_id=7#primaryimage","url":"https:\/\/donnautess.eu\/wp-content\/uploads\/2024\/06\/UKK.jpg","contentUrl":"https:\/\/donnautess.eu\/wp-content\/uploads\/2024\/06\/UKK.jpg","width":102,"height":73},{"@type":"BreadcrumbList","@id":"http:\/\/donnautess.eu\/?page_id=7#breadcrumb","itemListElement":[{"@type":"ListItem","position":1,"name":"Home","item":"https:\/\/donnautess.eu\/"},{"@type":"ListItem","position":2,"name":"Propoz\u00edcie"}]},{"@type":"WebSite","@id":"https:\/\/donnautess.eu\/#website","url":"https:\/\/donnautess.eu\/","name":"","description":"","potentialAction":[{"@type":"SearchAction","target":{"@type":"EntryPoint","urlTemplate":"https:\/\/donnautess.eu\/?s={search_term_string}"},"query-input":{"@type":"PropertyValueSpecification","valueRequired":true,"valueName":"search_term_string"}}],"inLanguage":"sk-SK"}]}},"_links":{"self":[{"href":"https:\/\/donnautess.eu\/index.php?rest_route=\/wp\/v2\/pages\/7"}],"collection":[{"href":"https:\/\/donnautess.eu\/index.php?rest_route=\/wp\/v2\/pages"}],"about":[{"href":"https:\/\/donnautess.eu\/index.php?rest_route=\/wp\/v2\/types\/page"}],"author":[{"embeddable":true,"href":"https:\/\/donnautess.eu\/index.php?rest_route=\/wp\/v2\/users\/1"}],"replies":[{"embeddable":true,"href":"https:\/\/donnautess.eu\/index.php?rest_route=%2Fwp%2Fv2%2Fcomments&post=7"}],"version-history":[{"count":5,"href":"https:\/\/donnautess.eu\/index.php?rest_route=\/wp\/v2\/pages\/7\/revisions"}],"predecessor-version":[{"id":190,"href":"https:\/\/donnautess.eu\/index.php?rest_route=\/wp\/v2\/pages\/7\/revisions\/190"}],"wp:attachment":[{"href":"https:\/\/donnautess.eu\/index.php?rest_route=%2Fwp%2Fv2%2Fmedia&parent=7"}],"curies":[{"name":"wp","href":"https:\/\/api.w.org\/{rel}","templated":true}]}}